{"id":111,"date":"2026-04-08T20:12:30","date_gmt":"2026-04-08T20:12:30","guid":{"rendered":"https:\/\/astrea-assist.com\/?page_id=111"},"modified":"2026-04-12T19:19:45","modified_gmt":"2026-04-12T19:19:45","slug":"virtualna-administrativna-podrska-za-poduzetnice-u-pomagackim-profesijama","status":"publish","type":"page","link":"https:\/\/astrea-assist.com\/","title":{"rendered":"Virtualna administrativna podr\u0161ka za poduzetnice u pomaga\u010dkim profesijama"},"content":{"rendered":"\n<div class=\"wp-block-group alignfull ext-hero-section is-style-ext-preset--group--natural-1--section z-0 ext-animate--on has-background-background-color has-background has-global-padding is-layout-constrained wp-block-group-is-layout-constrained\" style=\"margin-top:0;margin-bottom:0;padding-top:var(--wp--preset--spacing--50);padding-bottom:var(--wp--preset--spacing--70)\">\n<div class=\"wp-block-group alignwide z-10 ext-animate--on has-global-padding is-layout-constrained wp-block-group-is-layout-constrained\" style=\"margin-bottom:-220px\">\n<div class=\"wp-block-columns alignwide are-vertically-aligned-top ext-animate--on is-layout-flex wp-container-core-columns-is-layout-e5a65cde wp-block-columns-is-layout-flex\">\n<div class=\"wp-block-column is-vertically-aligned-top ext-animate--on is-layout-flow wp-block-column-is-layout-flow\" style=\"flex-basis:768px\">\n<div class=\"wp-block-group is-style-ext-preset--group--natural-1--item-card-1--align-start ext-animate--on has-global-padding is-layout-constrained wp-container-core-group-is-layout-639b5052 wp-block-group-is-layout-constrained is-style-ext-preset--group--natural-1--item-card-1--align-start--2\" style=\"border-style:none;border-width:0px;border-top-left-radius:0px;border-top-right-radius:0px;border-bottom-left-radius:0px;padding-top:0;padding-right:0;padding-bottom:0;padding-left:0;box-shadow:none\">\n<div class=\"wp-block-group alignwide ext-animate--on has-tertiary-background-color has-background has-global-padding is-layout-constrained wp-container-core-group-is-layout-e41fb82e wp-block-group-is-layout-constrained\" style=\"padding-top:var(--wp--preset--spacing--40);padding-right:var(--wp--preset--spacing--40);padding-bottom:var(--wp--preset--spacing--50);padding-left:var(--wp--preset--spacing--40)\">\n<h1 class=\"wp-block-heading ext-animate--on has-xx-large-font-size\"><strong>Dosta ti je toga da si vlastita tajnica?<\/strong><\/h1>\n\n\n\n<p class=\"ext-animate--on\">Kad vodi\u0161 posao u kojem radi\u0161 s ljudima, velika je \u0161ansa da danas obavlja\u0161 puno vi\u0161e od samog rada s klijentima.<br>Vjerojatno tvoji dani vi\u0161e nisu posve\u0107eni samo radu s ljudima, nego odgovaranju na mailove, organiziranju termina, administraciji i sitnim zadacima koji se samo gomilaju.<\/p>\n\n\n\n<p class=\"ext-animate--on\">Radim s poduzetnicama pomaga\u010dicama koje su do\u0161le do to\u010dke u kojoj vi\u0161e ne \u017eele sve same.<br>Moja uloga je preuzeti <em>operativni dio poslovanja<\/em> kako bi ti mogla ponovno imati vrijeme i fokus za ono \u0161to je zaista va\u017eno &#8211; rad s klijentima, jasno\u0107u u razmi\u0161ljanju i povratak u ulogu <em>vizionarke koja svojim radom mijenja \u017eivote drugih.<\/em><\/p>\n\n\n\n<div class=\"wp-block-buttons ext-animate--on is-layout-flex wp-block-buttons-is-layout-flex\">\n<div class=\"wp-block-button is-style-ext-preset--button--natural-1--button-1 ext-animate--on is-style-ext-preset--button--natural-1--button-1--3\"><a class=\"wp-block-button__link wp-element-button\" href=\"https:\/\/calendly.com\/astrea-assist\/besplatni-uvodni-poziv-clone\">BESPLATNI INTRO-CALL<\/a><\/div>\n<\/div>\n<\/div>\n<\/div>\n<\/div>\n<\/div>\n<\/div>\n\n\n\n<div class=\"wp-block-group alignfull ext-animate--on has-global-padding is-content-justification-left is-layout-constrained wp-container-core-group-is-layout-33c17ad8 wp-block-group-is-layout-constrained\" style=\"padding-left:var(--wp--preset--spacing--70)\">\n<div class=\"wp-block-cover alignfull is-light has-custom-content-position is-position-center-right ext-animate--on is-style-ext-preset--image--natural-1--image-1--content-top is-style-ext-preset--image--natural-1--image-1--content-top--5\" style=\"min-height:718px;aspect-ratio:unset;\"><img fetchpriority=\"high\" decoding=\"async\" width=\"8256\" height=\"5504\" class=\"wp-block-cover__image-background wp-image-389 size-full\" alt=\"\" src=\"https:\/\/astrea-assist.com\/wp-content\/uploads\/2026\/04\/D85_8155-1.jpg\" style=\"object-position:40% 22%\" data-object-fit=\"cover\" data-object-position=\"40% 22%\" srcset=\"https:\/\/astrea-assist.com\/wp-content\/uploads\/2026\/04\/D85_8155-1.jpg 8256w, https:\/\/astrea-assist.com\/wp-content\/uploads\/2026\/04\/D85_8155-1-300x200.jpg 300w, https:\/\/astrea-assist.com\/wp-content\/uploads\/2026\/04\/D85_8155-1-1024x683.jpg 1024w, https:\/\/astrea-assist.com\/wp-content\/uploads\/2026\/04\/D85_8155-1-768x512.jpg 768w, https:\/\/astrea-assist.com\/wp-content\/uploads\/2026\/04\/D85_8155-1-1536x1024.jpg 1536w, https:\/\/astrea-assist.com\/wp-content\/uploads\/2026\/04\/D85_8155-1-18x12.jpg 18w\" sizes=\"(max-width: 8256px) 100vw, 8256px\" \/><span aria-hidden=\"true\" class=\"wp-block-cover__background has-background-dim-0 has-background-dim\" style=\"background-color:#bfbab7\"><\/span><div class=\"wp-block-cover__inner-container is-layout-flow wp-block-cover-is-layout-flow\">\n<p class=\"ext-animate--on\"><\/p>\n<\/div><\/div>\n\n\n\n<p class=\"ext-animate--on\"><\/p>\n<\/div>\n<\/div>\n\n\n\n<div class=\"wp-block-group alignfull is-style-ext-preset--group--natural-1--section ext-animate--on has-tertiary-background-color has-background has-global-padding is-layout-constrained wp-container-core-group-is-layout-e955bbaf wp-block-group-is-layout-constrained\" style=\"margin-top:0;margin-bottom:0;padding-top:var(--wp--preset--spacing--70);padding-bottom:var(--wp--preset--spacing--70)\">\n<div class=\"wp-block-group alignwide ext-is-logical-start ext-animate--on has-global-padding is-content-justification-left is-layout-constrained wp-container-core-group-is-layout-6729bdbe wp-block-group-is-layout-constrained\">\n<h2 class=\"wp-block-heading has-text-align-left ext-animate--on\">Kako ti poma\u017eem<\/h2>\n\n\n\n<p class=\"has-text-align-left ext-animate--on\">Kao virtualna asistentica preuzimam tvoju administraciju, kako bi ti mogla u\u010dinkovitije koristiti svoje vrijeme i usredoto\u010diti se na ono \u0161to je najva\u017enije.<\/p>\n<\/div>\n\n\n\n<div class=\"wp-block-columns alignwide ext-animate--on is-layout-flex wp-container-core-columns-is-layout-08c01c1c wp-block-columns-is-layout-flex\">\n<div class=\"wp-block-column is-vertically-aligned-stretch ext-animate--on is-layout-flow wp-container-core-column-is-layout-f5bb311e wp-block-column-is-layout-flow\">\n<div class=\"wp-block-group is-style-ext-preset--group--natural-1--item-card-1--align-start ext-animate--on has-global-padding is-layout-constrained wp-block-group-is-layout-constrained is-style-ext-preset--group--natural-1--item-card-1--align-start--7\">\n<div class=\"wp-block-group is-style-default ext-animate--on has-global-padding is-layout-constrained wp-block-group-is-layout-constrained\">\n<figure class=\"wp-block-image size-large ext-aspect-landscape ext-animate--on wp-duotone-foreground-and-background\"><img decoding=\"async\" src=\"data:image\/svg+xml;base64,PHN2ZyB4bWxucz0iaHR0cDovL3d3dy53My5vcmcvMjAwMC9zdmciIHdpZHRoPSI0OCIgaGVpZ2h0PSI0OCIgZmlsbD0iIzAwMDAwMCIgdmlld0JveD0iMCAwIDI1NiAyNTYiPjxwYXRoIGQ9Ik0xMjgsMjRBMTA0LDEwNCwwLDEsMCwyMzIsMTI4LDEwNC4xMSwxMDQuMTEsMCwwLDAsMTI4LDI0Wm0wLDE5MmE4OCw4OCwwLDEsMSw4OC04OEE4OC4xLDg4LjEsMCwwLDEsMTI4LDIxNlpNMTQwLDgwdjk2YTgsOCwwLDAsMS0xNiwwVjk1bC0xMS41Niw3LjcxYTgsOCwwLDEsMS04Ljg4LTEzLjMybDI0LTE2QTgsOCwwLDAsMSwxNDAsODBaIj48L3BhdGg+PC9zdmc+\" alt=\"\" style=\"object-fit:cover\"\/><\/figure>\n\n\n\n<h3 class=\"wp-block-heading ext-animate--on\"><mark style=\"background-color:rgba(0, 0, 0, 0);color:#24314d\" class=\"has-inline-color\">Komunikacija i organizacija<\/mark><\/h3>\n\n\n\n<ul class=\"wp-block-list ext-animate--on\">\n<li class=\"ext-animate--on\"><mark style=\"background-color:rgba(0, 0, 0, 0);color:#24314d\" class=\"has-inline-color\">upravljanje e-po\u0161tom <\/mark><\/li>\n\n\n\n<li class=\"ext-animate--on\"><mark style=\"background-color:rgba(0, 0, 0, 0);color:#24314d\" class=\"has-inline-color\">vo\u0111enje kalendara i dogovaranje termina <\/mark><\/li>\n\n\n\n<li class=\"ext-animate--on\"><mark style=\"background-color:rgba(0, 0, 0, 0);color:#24314d\" class=\"has-inline-color\"> odgovaranje na upite korisni\u010dka podr\u0161ka putem weba i dru\u0161tvenih mre\u017ea<\/mark><\/li>\n\n\n\n<li class=\"ext-animate--on\"><mark style=\"background-color:rgba(0, 0, 0, 0);color:#24314d\" class=\"has-inline-color\"><mark style=\"background-color:rgba(0, 0, 0, 0);color:#24314d\" class=\"has-inline-color\">koordinacija sastanaka i organizacija putovanja<\/mark><\/mark><\/li>\n<\/ul>\n<\/div>\n<\/div>\n<\/div>\n\n\n\n<div class=\"wp-block-column is-vertically-aligned-stretch ext-animate--on is-layout-flow wp-container-core-column-is-layout-f5bb311e wp-block-column-is-layout-flow\">\n<div class=\"wp-block-group is-style-ext-preset--group--natural-1--item-card-1--align-start ext-animate--on has-global-padding is-layout-constrained wp-block-group-is-layout-constrained is-style-ext-preset--group--natural-1--item-card-1--align-start--8\">\n<div class=\"wp-block-group is-style-default ext-animate--on has-global-padding is-layout-constrained wp-block-group-is-layout-constrained\">\n<figure class=\"wp-block-image size-large ext-aspect-landscape ext-animate--on wp-duotone-foreground-and-background\"><img decoding=\"async\" src=\"data:image\/svg+xml;base64,PHN2ZyB4bWxucz0iaHR0cDovL3d3dy53My5vcmcvMjAwMC9zdmciIHdpZHRoPSI0OCIgaGVpZ2h0PSI0OCIgZmlsbD0iIzAwMDAwMCIgdmlld0JveD0iMCAwIDI1NiAyNTYiPjxwYXRoIGQ9Ik0xMjgsMjRBMTA0LDEwNCwwLDEsMCwyMzIsMTI4LDEwNC4xMSwxMDQuMTEsMCwwLDAsMTI4LDI0Wm0wLDE5MmE4OCw4OCwwLDEsMSw4OC04OEE4OC4xLDg4LjEsMCwwLDEsMTI4LDIxNlptMjUuNTYtOTIuNzRMMTIwLDE2OGgzMmE4LDgsMCwwLDEsMCwxNkgxMDRhOCw4LDAsMCwxLTYuNC0xMi44bDQzLjE3LTU3LjU2YTE2LDE2LDAsMSwwLTI3Ljg2LTE1LDgsOCwwLDAsMS0xNS4wOS01LjM0LDMyLDMyLDAsMSwxLDU1Ljc0LDI5LjkzWiI+PC9wYXRoPjwvc3ZnPg==\" alt=\"\" style=\"object-fit:cover\"\/><\/figure>\n\n\n\n<h3 class=\"wp-block-heading ext-animate--on\"><mark style=\"background-color:rgba(0, 0, 0, 0);color:#24314d\" class=\"has-inline-color\">Administracija i struktura poslovanja<\/mark><\/h3>\n\n\n\n<ul class=\"wp-block-list ext-animate--on\">\n<li class=\"ext-animate--on\"><mark style=\"background-color:rgba(0, 0, 0, 0);color:#24314d\" class=\"has-inline-color\">izrada ponuda i ra\u010duna te pra\u0107enje naplate  <\/mark><\/li>\n\n\n\n<li class=\"ext-animate--on\"><mark style=\"background-color:rgba(0, 0, 0, 0);color:#24314d\" class=\"has-inline-color\">unos i organizacija podataka (npr. CRM) <\/mark><\/li>\n\n\n\n<li class=\"ext-animate--on\"><mark style=\"background-color:rgba(0, 0, 0, 0);color:#24314d\" class=\"has-inline-color\">upravljanje dokumentima i digitalnim datotekama<\/mark><\/li>\n<\/ul>\n<\/div>\n<\/div>\n<\/div>\n\n\n\n<div class=\"wp-block-column is-vertically-aligned-stretch ext-animate--on is-layout-flow wp-container-core-column-is-layout-f5bb311e wp-block-column-is-layout-flow\">\n<div class=\"wp-block-group is-style-ext-preset--group--natural-1--item-card-1--align-start ext-animate--on has-global-padding is-layout-constrained wp-block-group-is-layout-constrained is-style-ext-preset--group--natural-1--item-card-1--align-start--9\">\n<div class=\"wp-block-group is-style-default ext-animate--on has-global-padding is-layout-constrained wp-block-group-is-layout-constrained\">\n<figure class=\"wp-block-image size-large ext-aspect-landscape ext-animate--on wp-duotone-foreground-and-background\"><img decoding=\"async\" src=\"data:image\/svg+xml;base64,PHN2ZyB4bWxucz0iaHR0cDovL3d3dy53My5vcmcvMjAwMC9zdmciIHdpZHRoPSI0OCIgaGVpZ2h0PSI0OCIgZmlsbD0iIzAwMDAwMCIgdmlld0JveD0iMCAwIDI1NiAyNTYiPjxwYXRoIGQ9Ik0xMjgsMjRBMTA0LDEwNCwwLDEsMCwyMzIsMTI4LDEwNC4xMSwxMDQuMTEsMCwwLDAsMTI4LDI0Wm0wLDE5MmE4OCw4OCwwLDEsMSw4OC04OEE4OC4xLDg4LjEsMCwwLDEsMTI4LDIxNlptMzItNjRhMzYsMzYsMCwwLDEtNjEuNzEsMjUuMTlBOCw4LDAsMSwxLDEwOS43MSwxNjYsMjAsMjAsMCwxLDAsMTI0LDEzMmE4LDgsMCwwLDEtNi41NS0xMi41OUwxMzYuNjMsOTJIMTA0YTgsOCwwLDAsMSwwLTE2aDQ4YTgsOCwwLDAsMSw2LjU1LDEyLjU5bC0yMSwzMEEzNi4wNywzNi4wNywwLDAsMSwxNjAsMTUyWiI+PC9wYXRoPjwvc3ZnPg==\" alt=\"\" style=\"object-fit:cover\"\/><\/figure>\n\n\n\n<h3 class=\"wp-block-heading ext-animate--on\"><mark style=\"background-color:rgba(0, 0, 0, 0);color:#24314d\" class=\"has-inline-color\">Kreativna podr\u0161ka<\/mark><\/h3>\n\n\n\n<ul class=\"wp-block-list ext-animate--on\">\n<li class=\"ext-animate--on\"><mark style=\"background-color:rgba(0, 0, 0, 0);color:#24314d\" class=\"has-inline-color\">izrada vizuala i e-booka u Canvi<\/mark><\/li>\n\n\n\n<li class=\"ext-animate--on\"><mark style=\"background-color:rgba(0, 0, 0, 0);color:#24314d\" class=\"has-inline-color\">priprema prezentacija i materijala <\/mark><\/li>\n\n\n\n<li class=\"ext-animate--on\"><mark style=\"background-color:rgba(0, 0, 0, 0);color:#24314d\" class=\"has-inline-color\">istra\u017eivanje i prikupljanje informacija<\/mark><\/li>\n<\/ul>\n<\/div>\n<\/div>\n<\/div>\n<\/div>\n\n\n\n<div class=\"wp-block-buttons ext-animate--on is-content-justification-center is-layout-flex wp-container-core-buttons-is-layout-a89b3969 wp-block-buttons-is-layout-flex\">\n<div class=\"wp-block-button\"><a class=\"wp-block-button__link wp-element-button\" href=\"https:\/\/calendly.com\/astrea-assist\/besplatni-uvodni-poziv-clone\">Besplatni intro-call<\/a><\/div>\n<\/div>\n\n\n\n<div style=\"height:100px\" aria-hidden=\"true\" class=\"wp-block-spacer ext-animate--on\"><\/div>\n\n\n\n<figure class=\"wp-block-image size-large ext-animate--on\"><img decoding=\"async\" width=\"1024\" height=\"683\" src=\"https:\/\/astrea-assist.com\/wp-content\/uploads\/2026\/04\/D85_8124-1024x683.jpg\" alt=\"\" class=\"wp-image-300\" srcset=\"https:\/\/astrea-assist.com\/wp-content\/uploads\/2026\/04\/D85_8124-1024x683.jpg 1024w, https:\/\/astrea-assist.com\/wp-content\/uploads\/2026\/04\/D85_8124-300x200.jpg 300w, https:\/\/astrea-assist.com\/wp-content\/uploads\/2026\/04\/D85_8124-768x512.jpg 768w, https:\/\/astrea-assist.com\/wp-content\/uploads\/2026\/04\/D85_8124-1536x1024.jpg 1536w, https:\/\/astrea-assist.com\/wp-content\/uploads\/2026\/04\/D85_8124-18x12.jpg 18w\" sizes=\"(max-width: 1024px) 100vw, 1024px\" \/><\/figure>\n<\/div>\n\n\n\n<div class=\"wp-block-group alignfull is-style-ext-preset--group--natural-1--section ext-animate--on has-tertiary-background-color has-background has-global-padding is-layout-constrained wp-container-core-group-is-layout-ab56ae29 wp-block-group-is-layout-constrained\" style=\"margin-top:0;margin-bottom:0;padding-top:var(--wp--preset--spacing--70);padding-bottom:var(--wp--preset--spacing--70)\">\n<h2 class=\"wp-block-heading has-text-align-center ext-animate--on\">Ona koja poma\u017ee svima tako\u0111er zaslu\u017euje pomo\u0107!<\/h2>\n\n\n\n<div class=\"wp-block-group alignwide ext-animate--on is-content-justification-center is-nowrap is-layout-flex wp-container-core-group-is-layout-23441af8 wp-block-group-is-layout-flex\">\n<figure class=\"wp-block-image alignleft size-large ext-animate--on\"><img decoding=\"async\" width=\"683\" height=\"1024\" src=\"https:\/\/astrea-assist.com\/wp-content\/uploads\/2026\/04\/D85_8177-2-683x1024.jpg\" alt=\"\" class=\"wp-image-213\" srcset=\"https:\/\/astrea-assist.com\/wp-content\/uploads\/2026\/04\/D85_8177-2-683x1024.jpg 683w, https:\/\/astrea-assist.com\/wp-content\/uploads\/2026\/04\/D85_8177-2-200x300.jpg 200w, https:\/\/astrea-assist.com\/wp-content\/uploads\/2026\/04\/D85_8177-2-768x1152.jpg 768w, https:\/\/astrea-assist.com\/wp-content\/uploads\/2026\/04\/D85_8177-2-1024x1536.jpg 1024w, https:\/\/astrea-assist.com\/wp-content\/uploads\/2026\/04\/D85_8177-2-8x12.jpg 8w, https:\/\/astrea-assist.com\/wp-content\/uploads\/2026\/04\/D85_8177-2.jpg 1280w\" sizes=\"(max-width: 683px) 100vw, 683px\" \/><\/figure>\n\n\n\n<blockquote class=\"wp-block-quote ext-animate--on is-layout-flow wp-block-quote-is-layout-flow\">\n<p class=\"has-text-align-center ext-animate--on\"><strong>Ne mora\u0161 vi\u0161e sve sama!<\/strong><br><br>Rezerviraj besplatne konzultacije i napravi prvi korak prema poslovanju koje te ne iscrpljuje nego podr\u017eava.<\/p>\n<\/blockquote>\n<\/div>\n\n\n\n<div style=\"height:100px\" aria-hidden=\"true\" class=\"wp-block-spacer ext-animate--on\"><\/div>\n\n\n\n<div class=\"wp-block-group ext-animate--on is-content-justification-center is-nowrap is-layout-flex wp-container-core-group-is-layout-23441af8 wp-block-group-is-layout-flex\">\n<h3 class=\"wp-block-heading has-text-align-center ext-animate--on\">Vrati fokus na svoje klijente i rad na svojoj misiji<strong>,<\/strong><br>zbog toga si sve ovo i zapo\u010dela.<\/h3>\n<\/div>\n\n\n\n<div class=\"wp-block-buttons ext-animate--on is-content-justification-center is-layout-flex wp-container-core-buttons-is-layout-a89b3969 wp-block-buttons-is-layout-flex\">\n<div class=\"wp-block-button\"><a class=\"wp-block-button__link wp-element-button\" href=\"https:\/\/calendly.com\/astrea-assist\/besplatni-uvodni-poziv-clone\">Dogovori svoj termin<\/a><\/div>\n<\/div>\n<\/div>\n","protected":false},"excerpt":{"rendered":"<p>Dosta ti je toga da si vlastita tajnica? Kad vodi\u0161 posao u kojem radi\u0161 s ljudima, velika je \u0161ansa da danas obavlja\u0161 puno vi\u0161e od samog rada s klijentima.Vjerojatno tvoji dani vi\u0161e nisu posve\u0107eni samo radu s ljudima, nego odgovaranju na mailove, organiziranju termina, administraciji i sitnim zadacima koji se samo gomilaju. Radim s poduzetnicama [&hellip;]<\/p>\n","protected":false},"author":1,"featured_media":0,"parent":0,"menu_order":0,"comment_status":"closed","ping_status":"closed","template":"page-with-title","meta":{"footnotes":""},"class_list":["post-111","page","type-page","status-publish","hentry"],"_links":{"self":[{"href":"https:\/\/astrea-assist.com\/hr\/wp-json\/wp\/v2\/pages\/111","targetHints":{"allow":["GET"]}}],"collection":[{"href":"https:\/\/astrea-assist.com\/hr\/wp-json\/wp\/v2\/pages"}],"about":[{"href":"https:\/\/astrea-assist.com\/hr\/wp-json\/wp\/v2\/types\/page"}],"author":[{"embeddable":true,"href":"https:\/\/astrea-assist.com\/hr\/wp-json\/wp\/v2\/users\/1"}],"replies":[{"embeddable":true,"href":"https:\/\/astrea-assist.com\/hr\/wp-json\/wp\/v2\/comments?post=111"}],"version-history":[{"count":252,"href":"https:\/\/astrea-assist.com\/hr\/wp-json\/wp\/v2\/pages\/111\/revisions"}],"predecessor-version":[{"id":457,"href":"https:\/\/astrea-assist.com\/hr\/wp-json\/wp\/v2\/pages\/111\/revisions\/457"}],"wp:attachment":[{"href":"https:\/\/astrea-assist.com\/hr\/wp-json\/wp\/v2\/media?parent=111"}],"curies":[{"name":"wp","href":"https:\/\/api.w.org\/{rel}","templated":true}]}}