{"id":111,"date":"2026-04-08T20:12:30","date_gmt":"2026-04-08T20:12:30","guid":{"rendered":"https:\/\/astrea-assist.com\/?page_id=111"},"modified":"2026-04-12T19:19:45","modified_gmt":"2026-04-12T19:19:45","slug":"virtualna-administrativna-podrska-za-poduzetnice-u-pomagackim-profesijama","status":"publish","type":"page","link":"https:\/\/astrea-assist.com\/","title":{"rendered":"Virtuelle administrative Unterst\u00fctzung f\u00fcr Unternehmerinnen in helfenden Berufen"},"content":{"rendered":"<div class=\"wp-block-group alignfull ext-hero-section is-style-ext-preset--group--natural-1--section z-0 ext-animate--on has-background-background-color has-background has-global-padding is-layout-constrained wp-block-group-is-layout-constrained\" style=\"margin-top:0;margin-bottom:0;padding-top:var(--wp--preset--spacing--50);padding-bottom:var(--wp--preset--spacing--70)\">\n<div class=\"wp-block-group alignwide z-10 ext-animate--on has-global-padding is-layout-constrained wp-block-group-is-layout-constrained\" style=\"margin-bottom:-220px\">\n<div class=\"wp-block-columns alignwide are-vertically-aligned-top ext-animate--on is-layout-flex wp-container-core-columns-is-layout-e5a65cde wp-block-columns-is-layout-flex\">\n<div class=\"wp-block-column is-vertically-aligned-top ext-animate--on is-layout-flow wp-block-column-is-layout-flow\" style=\"flex-basis:768px\">\n<div class=\"wp-block-group is-style-ext-preset--group--natural-1--item-card-1--align-start ext-animate--on has-global-padding is-layout-constrained wp-container-core-group-is-layout-639b5052 wp-block-group-is-layout-constrained is-style-ext-preset--group--natural-1--item-card-1--align-start--2\" style=\"border-style:none;border-width:0px;border-top-left-radius:0px;border-top-right-radius:0px;border-bottom-left-radius:0px;padding-top:0;padding-right:0;padding-bottom:0;padding-left:0;box-shadow:none\">\n<div class=\"wp-block-group alignwide ext-animate--on has-tertiary-background-color has-background has-global-padding is-layout-constrained wp-container-core-group-is-layout-e41fb82e wp-block-group-is-layout-constrained\" style=\"padding-top:var(--wp--preset--spacing--40);padding-right:var(--wp--preset--spacing--40);padding-bottom:var(--wp--preset--spacing--50);padding-left:var(--wp--preset--spacing--40)\">\n<h1 class=\"wp-block-heading ext-animate--on has-xx-large-font-size\"><strong>Hast du es satt, deine eigene Sekret\u00e4rin zu sein?<\/strong><\/h1>\n\n\n\n<p class=\"ext-animate--on\">Wenn du ein Business f\u00fchrst, in dem du mit Menschen arbeitest, stehen die Chancen gut, dass du heute viel mehr tust als \u201enur\u201c die Arbeit mit deinen Klienten.<br>ahrscheinlich sind deine Tage nicht mehr nur der Arbeit am Menschen gewidmet, sondern dem Beantworten von E-Mails, der Terminorganisation, der Administration und all den kleinen Aufgaben, die sich einfach ansammeln.<\/p>\n\n\n\n<p class=\"ext-animate--on\">Ich arbeite mit Unternehmerinnen aus helfenden Berufen zusammen, die an einem Punkt angekommen sind, an dem sie nicht mehr alles alleine machen wollen.<br>Meine Rolle ist es, <em>den operativen Teil deines Business zu \u00fcbernehmen,<\/em> damit du wieder Zeit und Fokus f\u00fcr das hast, was wirklich z\u00e4hlt: die Arbeit mit deinen Klienten, Klarheit in deinen Gedanken und die R\u00fcckkehr in deine Rolle <em>als Vision\u00e4rin, die mit ihrer Arbeit Leben ver\u00e4ndert.<\/em><\/p>\n\n\n\n<div class=\"wp-block-buttons ext-animate--on is-layout-flex wp-block-buttons-is-layout-flex\">\n<div class=\"wp-block-button is-style-ext-preset--button--natural-1--button-1 ext-animate--on is-style-ext-preset--button--natural-1--button-1--3\"><a class=\"wp-block-button__link wp-element-button\" href=\"https:\/\/calendly.com\/astrea-assist\/besplatni-uvodni-poziv-clone\">KOSTENLOSER INTRO-CALL<\/a><\/div>\n<\/div>\n<\/div>\n<\/div>\n<\/div>\n<\/div>\n<\/div>\n\n\n\n<div class=\"wp-block-group alignfull ext-animate--on has-global-padding is-content-justification-left is-layout-constrained wp-container-core-group-is-layout-33c17ad8 wp-block-group-is-layout-constrained\" style=\"padding-left:var(--wp--preset--spacing--70)\">\n<div class=\"wp-block-cover alignfull is-light has-custom-content-position is-position-center-right ext-animate--on is-style-ext-preset--image--natural-1--image-1--content-top is-style-ext-preset--image--natural-1--image-1--content-top--5\" style=\"min-height:718px;aspect-ratio:unset;\"><img fetchpriority=\"high\" decoding=\"async\" width=\"8256\" height=\"5504\" class=\"wp-block-cover__image-background wp-image-389 size-full\" alt=\"\" src=\"https:\/\/astrea-assist.com\/wp-content\/uploads\/2026\/04\/D85_8155-1.jpg\" style=\"object-position:40% 22%\" data-object-fit=\"cover\" data-object-position=\"40% 22%\" srcset=\"https:\/\/astrea-assist.com\/wp-content\/uploads\/2026\/04\/D85_8155-1.jpg 8256w, https:\/\/astrea-assist.com\/wp-content\/uploads\/2026\/04\/D85_8155-1-300x200.jpg 300w, https:\/\/astrea-assist.com\/wp-content\/uploads\/2026\/04\/D85_8155-1-1024x683.jpg 1024w, https:\/\/astrea-assist.com\/wp-content\/uploads\/2026\/04\/D85_8155-1-768x512.jpg 768w, https:\/\/astrea-assist.com\/wp-content\/uploads\/2026\/04\/D85_8155-1-1536x1024.jpg 1536w, https:\/\/astrea-assist.com\/wp-content\/uploads\/2026\/04\/D85_8155-1-18x12.jpg 18w\" sizes=\"(max-width: 8256px) 100vw, 8256px\" \/><span aria-hidden=\"true\" class=\"wp-block-cover__background has-background-dim-0 has-background-dim\" style=\"background-color:#bfbab7\"><\/span><div class=\"wp-block-cover__inner-container is-layout-flow wp-block-cover-is-layout-flow\">\n<p class=\"ext-animate--on\"><\/p>\n<\/div><\/div>\n\n\n\n<p class=\"ext-animate--on\"><\/p>\n<\/div>\n<\/div>\n\n\n\n<div class=\"wp-block-group alignfull is-style-ext-preset--group--natural-1--section ext-animate--on has-tertiary-background-color has-background has-global-padding is-layout-constrained wp-container-core-group-is-layout-e955bbaf wp-block-group-is-layout-constrained\" style=\"margin-top:0;margin-bottom:0;padding-top:var(--wp--preset--spacing--70);padding-bottom:var(--wp--preset--spacing--70)\">\n<div class=\"wp-block-group alignwide ext-is-logical-start ext-animate--on has-global-padding is-content-justification-left is-layout-constrained wp-container-core-group-is-layout-6729bdbe wp-block-group-is-layout-constrained\">\n<h2 class=\"wp-block-heading has-text-align-left ext-animate--on\">Wie ich dich unterst\u00fctze<\/h2>\n\n\n\n<p class=\"has-text-align-left ext-animate--on\">Als Virtuelle Assistentin \u00fcbernehme ich deine Administration, damit du deine Zeit effizienter nutzen und dich auf das Wesentliche konzentrieren kannst.<\/p>\n<\/div>\n\n\n\n<div class=\"wp-block-columns alignwide ext-animate--on is-layout-flex wp-container-core-columns-is-layout-08c01c1c wp-block-columns-is-layout-flex\">\n<div class=\"wp-block-column is-vertically-aligned-stretch ext-animate--on is-layout-flow wp-container-core-column-is-layout-f5bb311e wp-block-column-is-layout-flow\">\n<div class=\"wp-block-group is-style-ext-preset--group--natural-1--item-card-1--align-start ext-animate--on has-global-padding is-layout-constrained wp-block-group-is-layout-constrained is-style-ext-preset--group--natural-1--item-card-1--align-start--7\">\n<div class=\"wp-block-group is-style-default ext-animate--on has-global-padding is-layout-constrained wp-block-group-is-layout-constrained\">\n<figure class=\"wp-block-image size-large ext-aspect-landscape ext-animate--on wp-duotone-foreground-and-background\"><img decoding=\"async\" src=\"data:image\/svg+xml;base64,PHN2ZyB4bWxucz0iaHR0cDovL3d3dy53My5vcmcvMjAwMC9zdmciIHdpZHRoPSI0OCIgaGVpZ2h0PSI0OCIgZmlsbD0iIzAwMDAwMCIgdmlld0JveD0iMCAwIDI1NiAyNTYiPjxwYXRoIGQ9Ik0xMjgsMjRBMTA0LDEwNCwwLDEsMCwyMzIsMTI4LDEwNC4xMSwxMDQuMTEsMCwwLDAsMTI4LDI0Wm0wLDE5MmE4OCw4OCwwLDEsMSw4OC04OEE4OC4xLDg4LjEsMCwwLDEsMTI4LDIxNlpNMTQwLDgwdjk2YTgsOCwwLDAsMS0xNiwwVjk1bC0xMS41Niw3LjcxYTgsOCwwLDEsMS04Ljg4LTEzLjMybDI0LTE2QTgsOCwwLDAsMSwxNDAsODBaIj48L3BhdGg+PC9zdmc+\" alt=\"\" style=\"object-fit:cover\"\/><\/figure>\n\n\n\n<h3 class=\"wp-block-heading ext-animate--on\"><mark style=\"background-color:rgba(0, 0, 0, 0);color:#24314d\" class=\"has-inline-color\">Kommunikation &amp; Organisation<\/mark><\/h3>\n\n\n\n<ul class=\"wp-block-list ext-animate--on\">\n<li class=\"ext-animate--on\"><mark style=\"background-color:rgba(0, 0, 0, 0);color:#24314d\" class=\"has-inline-color\">E-Mail-Management <\/mark><\/li>\n\n\n\n<li class=\"ext-animate--on\"><mark style=\"background-color:rgba(0, 0, 0, 0);color:#24314d\" class=\"has-inline-color\">Kalenderpflege und Terminvereinbarung <\/mark><\/li>\n\n\n\n<li class=\"ext-animate--on\"><mark style=\"background-color:rgba(0, 0, 0, 0);color:#24314d\" class=\"has-inline-color\"> Beantwortung von Anfragen &amp; Kundensupport (Web &amp; Social Media)<\/mark><\/li>\n\n\n\n<li class=\"ext-animate--on\"><mark style=\"background-color:rgba(0, 0, 0, 0);color:#24314d\" class=\"has-inline-color\"><mark style=\"background-color:rgba(0, 0, 0, 0);color:#24314d\" class=\"has-inline-color\">Meeting-Koordination und Reiseorganisation<\/mark><\/mark><\/li>\n<\/ul>\n<\/div>\n<\/div>\n<\/div>\n\n\n\n<div class=\"wp-block-column is-vertically-aligned-stretch ext-animate--on is-layout-flow wp-container-core-column-is-layout-f5bb311e wp-block-column-is-layout-flow\">\n<div class=\"wp-block-group is-style-ext-preset--group--natural-1--item-card-1--align-start ext-animate--on has-global-padding is-layout-constrained wp-block-group-is-layout-constrained is-style-ext-preset--group--natural-1--item-card-1--align-start--8\">\n<div class=\"wp-block-group is-style-default ext-animate--on has-global-padding is-layout-constrained wp-block-group-is-layout-constrained\">\n<figure class=\"wp-block-image size-large ext-aspect-landscape ext-animate--on wp-duotone-foreground-and-background\"><img decoding=\"async\" src=\"data:image\/svg+xml;base64,PHN2ZyB4bWxucz0iaHR0cDovL3d3dy53My5vcmcvMjAwMC9zdmciIHdpZHRoPSI0OCIgaGVpZ2h0PSI0OCIgZmlsbD0iIzAwMDAwMCIgdmlld0JveD0iMCAwIDI1NiAyNTYiPjxwYXRoIGQ9Ik0xMjgsMjRBMTA0LDEwNCwwLDEsMCwyMzIsMTI4LDEwNC4xMSwxMDQuMTEsMCwwLDAsMTI4LDI0Wm0wLDE5MmE4OCw4OCwwLDEsMSw4OC04OEE4OC4xLDg4LjEsMCwwLDEsMTI4LDIxNlptMjUuNTYtOTIuNzRMMTIwLDE2OGgzMmE4LDgsMCwwLDEsMCwxNkgxMDRhOCw4LDAsMCwxLTYuNC0xMi44bDQzLjE3LTU3LjU2YTE2LDE2LDAsMSwwLTI3Ljg2LTE1LDgsOCwwLDAsMS0xNS4wOS01LjM0LDMyLDMyLDAsMSwxLDU1Ljc0LDI5LjkzWiI+PC9wYXRoPjwvc3ZnPg==\" alt=\"\" style=\"object-fit:cover\"\/><\/figure>\n\n\n\n<h3 class=\"wp-block-heading ext-animate--on\"><mark style=\"background-color:rgba(0, 0, 0, 0);color:#24314d\" class=\"has-inline-color\">Administration &amp; Business-Struktur<\/mark><\/h3>\n\n\n\n<ul class=\"wp-block-list ext-animate--on\">\n<li class=\"ext-animate--on\"><mark style=\"background-color:rgba(0, 0, 0, 0);color:#24314d\" class=\"has-inline-color\">Erstellung von Angeboten und Rechnungen inkl. Zahlungskontrolle  <\/mark><\/li>\n\n\n\n<li class=\"ext-animate--on\"><mark style=\"background-color:rgba(0, 0, 0, 0);color:#24314d\" class=\"has-inline-color\">Datenerfassung und Organisation (z. B. CRM) <\/mark><\/li>\n\n\n\n<li class=\"ext-animate--on\"><mark style=\"background-color:rgba(0, 0, 0, 0);color:#24314d\" class=\"has-inline-color\">Dokumentenmanagement und digitale Ablage<\/mark><\/li>\n<\/ul>\n<\/div>\n<\/div>\n<\/div>\n\n\n\n<div class=\"wp-block-column is-vertically-aligned-stretch ext-animate--on is-layout-flow wp-container-core-column-is-layout-f5bb311e wp-block-column-is-layout-flow\">\n<div class=\"wp-block-group is-style-ext-preset--group--natural-1--item-card-1--align-start ext-animate--on has-global-padding is-layout-constrained wp-block-group-is-layout-constrained is-style-ext-preset--group--natural-1--item-card-1--align-start--9\">\n<div class=\"wp-block-group is-style-default ext-animate--on has-global-padding is-layout-constrained wp-block-group-is-layout-constrained\">\n<figure class=\"wp-block-image size-large ext-aspect-landscape ext-animate--on wp-duotone-foreground-and-background\"><img decoding=\"async\" src=\"data:image\/svg+xml;base64,PHN2ZyB4bWxucz0iaHR0cDovL3d3dy53My5vcmcvMjAwMC9zdmciIHdpZHRoPSI0OCIgaGVpZ2h0PSI0OCIgZmlsbD0iIzAwMDAwMCIgdmlld0JveD0iMCAwIDI1NiAyNTYiPjxwYXRoIGQ9Ik0xMjgsMjRBMTA0LDEwNCwwLDEsMCwyMzIsMTI4LDEwNC4xMSwxMDQuMTEsMCwwLDAsMTI4LDI0Wm0wLDE5MmE4OCw4OCwwLDEsMSw4OC04OEE4OC4xLDg4LjEsMCwwLDEsMTI4LDIxNlptMzItNjRhMzYsMzYsMCwwLDEtNjEuNzEsMjUuMTlBOCw4LDAsMSwxLDEwOS43MSwxNjYsMjAsMjAsMCwxLDAsMTI0LDEzMmE4LDgsMCwwLDEtNi41NS0xMi41OUwxMzYuNjMsOTJIMTA0YTgsOCwwLDAsMSwwLTE2aDQ4YTgsOCwwLDAsMSw2LjU1LDEyLjU5bC0yMSwzMEEzNi4wNywzNi4wNywwLDAsMSwxNjAsMTUyWiI+PC9wYXRoPjwvc3ZnPg==\" alt=\"\" style=\"object-fit:cover\"\/><\/figure>\n\n\n\n<h3 class=\"wp-block-heading ext-animate--on\"><mark style=\"background-color:rgba(0, 0, 0, 0);color:#24314d\" class=\"has-inline-color\">Kreative Unterst\u00fctzung<\/mark><\/h3>\n\n\n\n<ul class=\"wp-block-list ext-animate--on\">\n<li class=\"ext-animate--on\"><mark style=\"background-color:rgba(0, 0, 0, 0);color:#24314d\" class=\"has-inline-color\">Erstellung von Visuals und E-Books in Canva<\/mark><\/li>\n\n\n\n<li class=\"ext-animate--on\"><mark style=\"background-color:rgba(0, 0, 0, 0);color:#24314d\" class=\"has-inline-color\">Vorbereitung von Pr\u00e4sentationen und Unterlagen <\/mark><\/li>\n\n\n\n<li class=\"ext-animate--on\"><mark style=\"background-color:rgba(0, 0, 0, 0);color:#24314d\" class=\"has-inline-color\">Recherche und Informationsaufbereitung<\/mark><\/li>\n<\/ul>\n<\/div>\n<\/div>\n<\/div>\n<\/div>\n\n\n\n<div class=\"wp-block-buttons ext-animate--on is-content-justification-center is-layout-flex wp-container-core-buttons-is-layout-a89b3969 wp-block-buttons-is-layout-flex\">\n<div class=\"wp-block-button\"><a class=\"wp-block-button__link wp-element-button\" href=\"https:\/\/calendly.com\/astrea-assist\/besplatni-uvodni-poziv-clone\">KOSTENLOSER INTRO-CALL<\/a><\/div>\n<\/div>\n\n\n\n<div style=\"height:100px\" aria-hidden=\"true\" class=\"wp-block-spacer ext-animate--on\"><\/div>\n\n\n\n<figure class=\"wp-block-image size-large ext-animate--on\"><img decoding=\"async\" width=\"1024\" height=\"683\" src=\"https:\/\/astrea-assist.com\/wp-content\/uploads\/2026\/04\/D85_8124-1024x683.jpg\" alt=\"\" class=\"wp-image-300\" srcset=\"https:\/\/astrea-assist.com\/wp-content\/uploads\/2026\/04\/D85_8124-1024x683.jpg 1024w, https:\/\/astrea-assist.com\/wp-content\/uploads\/2026\/04\/D85_8124-300x200.jpg 300w, https:\/\/astrea-assist.com\/wp-content\/uploads\/2026\/04\/D85_8124-768x512.jpg 768w, https:\/\/astrea-assist.com\/wp-content\/uploads\/2026\/04\/D85_8124-1536x1024.jpg 1536w, https:\/\/astrea-assist.com\/wp-content\/uploads\/2026\/04\/D85_8124-18x12.jpg 18w\" sizes=\"(max-width: 1024px) 100vw, 1024px\" \/><\/figure>\n<\/div>\n\n\n\n<div class=\"wp-block-group alignfull is-style-ext-preset--group--natural-1--section ext-animate--on has-tertiary-background-color has-background has-global-padding is-layout-constrained wp-container-core-group-is-layout-ab56ae29 wp-block-group-is-layout-constrained\" style=\"margin-top:0;margin-bottom:0;padding-top:var(--wp--preset--spacing--70);padding-bottom:var(--wp--preset--spacing--70)\">\n<h2 class=\"wp-block-heading has-text-align-center ext-animate--on\">Wer allen hilft, hat selbst auch Hilfe verdient!<\/h2>\n\n\n\n<div class=\"wp-block-group alignwide ext-animate--on is-content-justification-center is-nowrap is-layout-flex wp-container-core-group-is-layout-23441af8 wp-block-group-is-layout-flex\">\n<figure class=\"wp-block-image alignleft size-large ext-animate--on\"><img decoding=\"async\" width=\"683\" height=\"1024\" src=\"https:\/\/astrea-assist.com\/wp-content\/uploads\/2026\/04\/D85_8177-2-683x1024.jpg\" alt=\"\" class=\"wp-image-213\" srcset=\"https:\/\/astrea-assist.com\/wp-content\/uploads\/2026\/04\/D85_8177-2-683x1024.jpg 683w, https:\/\/astrea-assist.com\/wp-content\/uploads\/2026\/04\/D85_8177-2-200x300.jpg 200w, https:\/\/astrea-assist.com\/wp-content\/uploads\/2026\/04\/D85_8177-2-768x1152.jpg 768w, https:\/\/astrea-assist.com\/wp-content\/uploads\/2026\/04\/D85_8177-2-1024x1536.jpg 1024w, https:\/\/astrea-assist.com\/wp-content\/uploads\/2026\/04\/D85_8177-2-8x12.jpg 8w, https:\/\/astrea-assist.com\/wp-content\/uploads\/2026\/04\/D85_8177-2.jpg 1280w\" sizes=\"(max-width: 683px) 100vw, 683px\" \/><\/figure>\n\n\n\n<blockquote class=\"wp-block-quote ext-animate--on is-layout-flow wp-block-quote-is-layout-flow\">\n<p class=\"has-text-align-center ext-animate--on\"><strong>Du musst nicht mehr alles alleine schaffen!<\/strong><br><br>Buche dein kostenloses Kennenlerngespr\u00e4ch und mache den ersten Schritt hin zu einem Business, das dich nicht ersch\u00f6pft, sondern unterst\u00fctzt.<\/p>\n<\/blockquote>\n<\/div>\n\n\n\n<div style=\"height:100px\" aria-hidden=\"true\" class=\"wp-block-spacer ext-animate--on\"><\/div>\n\n\n\n<div class=\"wp-block-group ext-animate--on is-content-justification-center is-nowrap is-layout-flex wp-container-core-group-is-layout-23441af8 wp-block-group-is-layout-flex\">\n<h3 class=\"wp-block-heading has-text-align-center ext-animate--on\">Bring den Fokus zur\u00fcck auf deine Klienten und deine Mission -<strong>,<\/strong><br>denn genau daf\u00fcr hast du das alles gestartet.<\/h3>\n<\/div>\n\n\n\n<div class=\"wp-block-buttons ext-animate--on is-content-justification-center is-layout-flex wp-container-core-buttons-is-layout-a89b3969 wp-block-buttons-is-layout-flex\">\n<div class=\"wp-block-button\"><a class=\"wp-block-button__link wp-element-button\" href=\"https:\/\/calendly.com\/astrea-assist\/besplatni-uvodni-poziv-clone\">JETZT TERMIN VEREINBAREN<\/a><\/div>\n<\/div>\n<\/div>","protected":false},"excerpt":{"rendered":"<p>Dosta ti je toga da si vlastita tajnica? Kad vodi\u0161 posao u kojem radi\u0161 s ljudima, velika je \u0161ansa da danas obavlja\u0161 puno vi\u0161e od samog rada s klijentima.Vjerojatno tvoji dani vi\u0161e nisu posve\u0107eni samo radu s ljudima, nego odgovaranju na mailove, organiziranju termina, administraciji i sitnim zadacima koji se samo gomilaju. Radim s poduzetnicama [&hellip;]<\/p>\n","protected":false},"author":1,"featured_media":0,"parent":0,"menu_order":0,"comment_status":"closed","ping_status":"closed","template":"page-with-title","meta":{"footnotes":""},"class_list":["post-111","page","type-page","status-publish","hentry"],"_links":{"self":[{"href":"https:\/\/astrea-assist.com\/de\/wp-json\/wp\/v2\/pages\/111","targetHints":{"allow":["GET"]}}],"collection":[{"href":"https:\/\/astrea-assist.com\/de\/wp-json\/wp\/v2\/pages"}],"about":[{"href":"https:\/\/astrea-assist.com\/de\/wp-json\/wp\/v2\/types\/page"}],"author":[{"embeddable":true,"href":"https:\/\/astrea-assist.com\/de\/wp-json\/wp\/v2\/users\/1"}],"replies":[{"embeddable":true,"href":"https:\/\/astrea-assist.com\/de\/wp-json\/wp\/v2\/comments?post=111"}],"version-history":[{"count":252,"href":"https:\/\/astrea-assist.com\/de\/wp-json\/wp\/v2\/pages\/111\/revisions"}],"predecessor-version":[{"id":457,"href":"https:\/\/astrea-assist.com\/de\/wp-json\/wp\/v2\/pages\/111\/revisions\/457"}],"wp:attachment":[{"href":"https:\/\/astrea-assist.com\/de\/wp-json\/wp\/v2\/media?parent=111"}],"curies":[{"name":"wp","href":"https:\/\/api.w.org\/{rel}","templated":true}]}}